{"id":1074,"date":"2024-02-20T11:21:27","date_gmt":"2024-02-20T11:21:27","guid":{"rendered":"https:\/\/consorziosce.it\/?page_id=1074"},"modified":"2026-01-29T12:20:30","modified_gmt":"2026-01-29T12:20:30","slug":"sostenibilita","status":"publish","type":"page","link":"https:\/\/scegroup.eu\/it\/sostenibilita\/","title":{"rendered":"Sostenibilit\u00e0"},"content":{"rendered":"\t\t<div data-elementor-type=\"wp-post\" data-elementor-id=\"1074\" class=\"elementor elementor-1074\" data-elementor-post-type=\"page\">\n\t\t\t\t\t\t<section class=\"elementor-section elementor-top-section elementor-element elementor-element-ab1c83b elementor-section-content-bottom elementor-section-boxed elementor-section-height-default elementor-section-height-default\" data-id=\"ab1c83b\" data-element_type=\"section\" data-e-type=\"section\" data-settings=\"{&quot;background_background&quot;:&quot;classic&quot;}\">\n\t\t\t\t\t\t\t<div class=\"elementor-background-overlay\"><\/div>\n\t\t\t\t\t\t\t<div class=\"elementor-container elementor-column-gap-no\">\n\t\t\t\t\t<div class=\"elementor-column elementor-col-50 elementor-top-column elementor-element elementor-element-fa6cfad\" data-id=\"fa6cfad\" data-element_type=\"column\" data-e-type=\"column\" data-settings=\"{&quot;background_background&quot;:&quot;classic&quot;}\">\n\t\t\t<div class=\"elementor-widget-wrap elementor-element-populated\">\n\t\t\t\t\t\t<div class=\"elementor-element elementor-element-2df9289 elementor-widget elementor-widget-heading\" data-id=\"2df9289\" data-element_type=\"widget\" data-e-type=\"widget\" data-widget_type=\"heading.default\">\n\t\t\t\t<div class=\"elementor-widget-container\">\n\t\t\t\t\t<h6 class=\"elementor-heading-title elementor-size-default\">Guidiamo la trasformazione<\/h6>\t\t\t\t<\/div>\n\t\t\t\t<\/div>\n\t\t\t\t<div class=\"elementor-element elementor-element-c8e39d5 elementor-widget-divider--view-line elementor-widget elementor-widget-divider\" data-id=\"c8e39d5\" data-element_type=\"widget\" data-e-type=\"widget\" data-widget_type=\"divider.default\">\n\t\t\t\t<div class=\"elementor-widget-container\">\n\t\t\t\t\t\t\t<div class=\"elementor-divider\">\n\t\t\t<span class=\"elementor-divider-separator\">\n\t\t\t\t\t\t<\/span>\n\t\t<\/div>\n\t\t\t\t\t\t<\/div>\n\t\t\t\t<\/div>\n\t\t\t\t<div class=\"elementor-element elementor-element-36e058e elementor-widget elementor-widget-heading\" data-id=\"36e058e\" data-element_type=\"widget\" data-e-type=\"widget\" data-widget_type=\"heading.default\">\n\t\t\t\t<div class=\"elementor-widget-container\">\n\t\t\t\t\t<h1 class=\"elementor-heading-title elementor-size-default\">Sostenibilit\u00e0<\/h1>\t\t\t\t<\/div>\n\t\t\t\t<\/div>\n\t\t\t\t\t<\/div>\n\t\t<\/div>\n\t\t\t\t<div class=\"elementor-column elementor-col-50 elementor-top-column elementor-element elementor-element-14ba300\" data-id=\"14ba300\" data-element_type=\"column\" data-e-type=\"column\">\n\t\t\t<div class=\"elementor-widget-wrap\">\n\t\t\t\t\t\t\t<\/div>\n\t\t<\/div>\n\t\t\t\t\t<\/div>\n\t\t<\/section>\n\t\t\t\t<section class=\"elementor-section elementor-top-section elementor-element elementor-element-53a33999 elementor-section-content-top elementor-section-boxed elementor-section-height-default elementor-section-height-default\" data-id=\"53a33999\" data-element_type=\"section\" data-e-type=\"section\" data-settings=\"{&quot;background_background&quot;:&quot;classic&quot;}\">\n\t\t\t\t\t\t\t<div class=\"elementor-background-overlay\"><\/div>\n\t\t\t\t\t\t\t<div class=\"elementor-container elementor-column-gap-no\">\n\t\t\t\t\t<div class=\"elementor-column elementor-col-50 elementor-top-column elementor-element elementor-element-27c97d6\" data-id=\"27c97d6\" data-element_type=\"column\" data-e-type=\"column\">\n\t\t\t<div class=\"elementor-widget-wrap elementor-element-populated\">\n\t\t\t\t\t\t<div class=\"elementor-element elementor-element-28b8aed elementor-widget elementor-widget-heading\" data-id=\"28b8aed\" data-element_type=\"widget\" data-e-type=\"widget\" data-widget_type=\"heading.default\">\n\t\t\t\t<div class=\"elementor-widget-container\">\n\t\t\t\t\t<h6 class=\"elementor-heading-title elementor-size-default\">Socialmente responsabili<\/h6>\t\t\t\t<\/div>\n\t\t\t\t<\/div>\n\t\t\t\t<div class=\"elementor-element elementor-element-446fe4e elementor-widget-divider--view-line elementor-widget elementor-widget-divider\" data-id=\"446fe4e\" data-element_type=\"widget\" data-e-type=\"widget\" data-widget_type=\"divider.default\">\n\t\t\t\t<div class=\"elementor-widget-container\">\n\t\t\t\t\t\t\t<div class=\"elementor-divider\">\n\t\t\t<span class=\"elementor-divider-separator\">\n\t\t\t\t\t\t<\/span>\n\t\t<\/div>\n\t\t\t\t\t\t<\/div>\n\t\t\t\t<\/div>\n\t\t\t\t<div class=\"elementor-element elementor-element-6435e5a6 elementor-widget elementor-widget-heading\" data-id=\"6435e5a6\" data-element_type=\"widget\" data-e-type=\"widget\" data-widget_type=\"heading.default\">\n\t\t\t\t<div class=\"elementor-widget-container\">\n\t\t\t\t\t<h2 class=\"elementor-heading-title elementor-size-default\">Costruire un futuro sostenibile<\/h2>\t\t\t\t<\/div>\n\t\t\t\t<\/div>\n\t\t\t\t<div class=\"elementor-element elementor-element-7213844a elementor-widget elementor-widget-text-editor\" data-id=\"7213844a\" data-element_type=\"widget\" data-e-type=\"widget\" data-widget_type=\"text-editor.default\">\n\t\t\t\t<div class=\"elementor-widget-container\">\n\t\t\t\t\t\t\t\t\t<p>Siamo orgogliosi di guidare la trasformazione nel settore delle costruzioni, mettendo al centro della nostra missione la sostenibilit\u00e0 ambientale.<\/p><p>Ogni giorno, ci impegniamo a creare ambienti costruiti che non solo soddisfino le esigenze del presente, ma che preservino e proteggano il nostro pianeta per le generazioni future.<\/p><p>Le nostre pratiche di costruzione si basano su soluzioni innovative che riducono l&#8217;impatto ambientale senza compromettere la qualit\u00e0.<\/p><p>Utilizziamo materiali eco compatibili e tecnologie all&#8217;avanguardia per garantire la massima efficienza energetica e la riduzione delle emissioni di carbonio in ogni progetto che realizziamo.<\/p>\t\t\t\t\t\t\t\t<\/div>\n\t\t\t\t<\/div>\n\t\t\t\t\t<\/div>\n\t\t<\/div>\n\t\t\t\t<div class=\"elementor-column elementor-col-50 elementor-top-column elementor-element elementor-element-483d3e31\" data-id=\"483d3e31\" data-element_type=\"column\" data-e-type=\"column\" data-settings=\"{&quot;background_background&quot;:&quot;classic&quot;}\">\n\t\t\t<div class=\"elementor-widget-wrap elementor-element-populated\">\n\t\t\t\t\t\t<div class=\"elementor-element elementor-element-282e1530 elementor-position-inline-start elementor-view-default elementor-mobile-position-block-start elementor-widget elementor-widget-icon-box\" data-id=\"282e1530\" data-element_type=\"widget\" data-e-type=\"widget\" data-widget_type=\"icon-box.default\">\n\t\t\t\t<div class=\"elementor-widget-container\">\n\t\t\t\t\t\t\t<div class=\"elementor-icon-box-wrapper\">\n\n\t\t\t\t\t\t<div class=\"elementor-icon-box-icon\">\n\t\t\t\t<span  class=\"elementor-icon elementor-animation-grow\">\n\t\t\t\t<svg aria-hidden=\"true\" class=\"e-font-icon-svg e-fas-chevron-right\" viewBox=\"0 0 320 512\" xmlns=\"http:\/\/www.w3.org\/2000\/svg\"><path d=\"M285.476 272.971L91.132 467.314c-9.373 9.373-24.569 9.373-33.941 0l-22.667-22.667c-9.357-9.357-9.375-24.522-.04-33.901L188.505 256 34.484 101.255c-9.335-9.379-9.317-24.544.04-33.901l22.667-22.667c9.373-9.373 24.569-9.373 33.941 0L285.475 239.03c9.373 9.372 9.373 24.568.001 33.941z\"><\/path><\/svg>\t\t\t\t<\/span>\n\t\t\t<\/div>\n\t\t\t\n\t\t\t\t\t\t<div class=\"elementor-icon-box-content\">\n\n\t\t\t\t\t\t\t\t\t<h4 class=\"elementor-icon-box-title\">\n\t\t\t\t\t\t<span  >\n\t\t\t\t\t\t\tPromuoviamo la rigenerazione urbana\t\t\t\t\t\t<\/span>\n\t\t\t\t\t<\/h4>\n\t\t\t\t\n\t\t\t\t\t\t\t\t\t<p class=\"elementor-icon-box-description\">\n\t\t\t\t\t\tNel cuore del nostro impegno c'\u00e8 la rigenerazione urbana. Riconosciamo il valore delle aree urbane esistenti e lavoriamo per trasformarle in comunit\u00e0 vivibili e sostenibili. Attraverso la riqualificazione delle strutture esistenti e la creazione di nuovi spazi, contribuiamo a ridurre l'impronta ecologica delle citt\u00e0 e a migliorare la qualit\u00e0 della vita dei loro abitanti.\t\t\t\t\t<\/p>\n\t\t\t\t\n\t\t\t<\/div>\n\t\t\t\n\t\t<\/div>\n\t\t\t\t\t\t<\/div>\n\t\t\t\t<\/div>\n\t\t\t\t<div class=\"elementor-element elementor-element-f50748b elementor-position-inline-start elementor-view-default elementor-mobile-position-block-start elementor-widget elementor-widget-icon-box\" data-id=\"f50748b\" data-element_type=\"widget\" data-e-type=\"widget\" data-widget_type=\"icon-box.default\">\n\t\t\t\t<div class=\"elementor-widget-container\">\n\t\t\t\t\t\t\t<div class=\"elementor-icon-box-wrapper\">\n\n\t\t\t\t\t\t<div class=\"elementor-icon-box-icon\">\n\t\t\t\t<span  class=\"elementor-icon elementor-animation-grow\">\n\t\t\t\t<svg aria-hidden=\"true\" class=\"e-font-icon-svg e-fas-chevron-right\" viewBox=\"0 0 320 512\" xmlns=\"http:\/\/www.w3.org\/2000\/svg\"><path d=\"M285.476 272.971L91.132 467.314c-9.373 9.373-24.569 9.373-33.941 0l-22.667-22.667c-9.357-9.357-9.375-24.522-.04-33.901L188.505 256 34.484 101.255c-9.335-9.379-9.317-24.544.04-33.901l22.667-22.667c9.373-9.373 24.569-9.373 33.941 0L285.475 239.03c9.373 9.372 9.373 24.568.001 33.941z\"><\/path><\/svg>\t\t\t\t<\/span>\n\t\t\t<\/div>\n\t\t\t\n\t\t\t\t\t\t<div class=\"elementor-icon-box-content\">\n\n\t\t\t\t\t\t\t\t\t<h4 class=\"elementor-icon-box-title\">\n\t\t\t\t\t\t<span  >\n\t\t\t\t\t\t\tCostruire con responsabilit\u00e0 sociale\t\t\t\t\t\t<\/span>\n\t\t\t\t\t<\/h4>\n\t\t\t\t\n\t\t\t\t\t\t\t\t\t<p class=\"elementor-icon-box-description\">\n\t\t\t\t\t\tOltre alla sostenibilit\u00e0 ambientale, ci impegniamo a promuovere la responsabilit\u00e0 sociale in tutte le nostre attivit\u00e0. Collaboriamo con le comunit\u00e0 locali per creare opportunit\u00e0 di lavoro, sosteniamo l'inclusione e la diversit\u00e0 sul luogo di lavoro e ci assicuriamo che i nostri progetti rispettino e preservino il patrimonio culturale delle aree in cui operiamo.\t\t\t\t\t<\/p>\n\t\t\t\t\n\t\t\t<\/div>\n\t\t\t\n\t\t<\/div>\n\t\t\t\t\t\t<\/div>\n\t\t\t\t<\/div>\n\t\t\t\t<div class=\"elementor-element elementor-element-d361209 elementor-position-inline-start elementor-view-default elementor-mobile-position-block-start elementor-widget elementor-widget-icon-box\" data-id=\"d361209\" data-element_type=\"widget\" data-e-type=\"widget\" data-widget_type=\"icon-box.default\">\n\t\t\t\t<div class=\"elementor-widget-container\">\n\t\t\t\t\t\t\t<div class=\"elementor-icon-box-wrapper\">\n\n\t\t\t\t\t\t<div class=\"elementor-icon-box-icon\">\n\t\t\t\t<span  class=\"elementor-icon elementor-animation-grow\">\n\t\t\t\t<svg aria-hidden=\"true\" class=\"e-font-icon-svg e-fas-chevron-right\" viewBox=\"0 0 320 512\" xmlns=\"http:\/\/www.w3.org\/2000\/svg\"><path d=\"M285.476 272.971L91.132 467.314c-9.373 9.373-24.569 9.373-33.941 0l-22.667-22.667c-9.357-9.357-9.375-24.522-.04-33.901L188.505 256 34.484 101.255c-9.335-9.379-9.317-24.544.04-33.901l22.667-22.667c9.373-9.373 24.569-9.373 33.941 0L285.475 239.03c9.373 9.372 9.373 24.568.001 33.941z\"><\/path><\/svg>\t\t\t\t<\/span>\n\t\t\t<\/div>\n\t\t\t\n\t\t\t\t\t\t<div class=\"elementor-icon-box-content\">\n\n\t\t\t\t\t\t\t\t\t<h4 class=\"elementor-icon-box-title\">\n\t\t\t\t\t\t<span  >\n\t\t\t\t\t\t\tUn impegno continuo\t\t\t\t\t\t<\/span>\n\t\t\t\t\t<\/h4>\n\t\t\t\t\n\t\t\t\t\t\t\t\t\t<p class=\"elementor-icon-box-description\">\n\t\t\t\t\t\tContinueremo a innovare e ad adottare pratiche sempre pi\u00f9 ecologiche, cercando costantemente modi per ridurre l'impatto delle nostre attivit\u00e0 sull'ambiente e sulla societ\u00e0. Insieme, possiamo costruire un mondo migliore per tutti.\t\t\t\t\t<\/p>\n\t\t\t\t\n\t\t\t<\/div>\n\t\t\t\n\t\t<\/div>\n\t\t\t\t\t\t<\/div>\n\t\t\t\t<\/div>\n\t\t\t\t\t<\/div>\n\t\t<\/div>\n\t\t\t\t\t<\/div>\n\t\t<\/section>\n\t\t\t\t<\/div>\n\t\t","protected":false},"excerpt":{"rendered":"<p>Guidiamo la trasformazione Sostenibilit\u00e0 Socialmente responsabili Costruire un futuro sostenibile Siamo orgogliosi di guidare la trasformazione nel settore delle costruzioni, mettendo al centro della nostra missione la sostenibilit\u00e0 ambientale. Ogni giorno, ci impegniamo a creare ambienti costruiti che non solo soddisfino le esigenze del presente, ma che preservino e proteggano il nostro pianeta per le [&hellip;]<\/p>\n","protected":false},"author":4,"featured_media":0,"parent":0,"menu_order":0,"comment_status":"closed","ping_status":"closed","template":"","meta":{"site-sidebar-layout":"no-sidebar","site-content-layout":"page-builder","ast-site-content-layout":"full-width-container","site-content-style":"unboxed","site-sidebar-style":"unboxed","ast-global-header-display":"","ast-banner-title-visibility":"","ast-main-header-display":"","ast-hfb-above-header-display":"","ast-hfb-below-header-display":"","ast-hfb-mobile-header-display":"","site-post-title":"disabled","ast-breadcrumbs-content":"","ast-featured-img":"disabled","footer-sml-layout":"","theme-transparent-header-meta":"default","adv-header-id-meta":"","stick-header-meta":"default","header-above-stick-meta":"","header-main-stick-meta":"","header-below-stick-meta":"","astra-migrate-meta-layouts":"set","ast-page-background-enabled":"default","ast-page-background-meta":{"desktop":{"background-color":"","background-image":"","background-repeat":"repeat","background-position":"center center","background-size":"auto","background-attachment":"scroll","background-type":"","background-media":"","overlay-type":"","overlay-color":"","overlay-opacity":"","overlay-gradient":""},"tablet":{"background-color":"","background-image":"","background-repeat":"repeat","background-position":"center center","background-size":"auto","background-attachment":"scroll","background-type":"","background-media":"","overlay-type":"","overlay-color":"","overlay-opacity":"","overlay-gradient":""},"mobile":{"background-color":"","background-image":"","background-repeat":"repeat","background-position":"center center","background-size":"auto","background-attachment":"scroll","background-type":"","background-media":"","overlay-type":"","overlay-color":"","overlay-opacity":"","overlay-gradient":""}},"ast-content-background-meta":{"desktop":{"background-color":"var(--ast-global-color-5)","background-image":"","background-repeat":"repeat","background-position":"center center","background-size":"auto","background-attachment":"scroll","background-type":"","background-media":"","overlay-type":"","overlay-color":"","overlay-opacity":"","overlay-gradient":""},"tablet":{"background-color":"var(--ast-global-color-5)","background-image":"","background-repeat":"repeat","background-position":"center center","background-size":"auto","background-attachment":"scroll","background-type":"","background-media":"","overlay-type":"","overlay-color":"","overlay-opacity":"","overlay-gradient":""},"mobile":{"background-color":"var(--ast-global-color-5)","background-image":"","background-repeat":"repeat","background-position":"center center","background-size":"auto","background-attachment":"scroll","background-type":"","background-media":"","overlay-type":"","overlay-color":"","overlay-opacity":"","overlay-gradient":""}},"footnotes":""},"class_list":["post-1074","page","type-page","status-publish","hentry"],"yoast_head":"<!-- This site is optimized with the Yoast SEO plugin v27.2 - https:\/\/yoast.com\/product\/yoast-seo-wordpress\/ -->\n<title>Costruire un futuro sostenibile - Consorzio SCE<\/title>\n<meta name=\"description\" content=\"Consorzio SCE \u00e8 una realt\u00e0 unica nel panorama delle imprese che operano nel settore delle costruzioni che sviluppa ed eroga servizi a contenuto sempre pi\u00f9 innovativo, capaci di dare un vantaggio competitivo ai soci.\" \/>\n<meta name=\"robots\" content=\"index, follow, max-snippet:-1, max-image-preview:large, max-video-preview:-1\" \/>\n<link rel=\"canonical\" href=\"https:\/\/scegroup.eu\/sostenibilita\/\" \/>\n<meta property=\"og:locale\" content=\"it_IT\" \/>\n<meta property=\"og:type\" content=\"article\" \/>\n<meta property=\"og:title\" content=\"Costruire un futuro sostenibile - Consorzio SCE\" \/>\n<meta property=\"og:description\" content=\"Consorzio SCE \u00e8 una realt\u00e0 unica nel panorama delle imprese che operano nel settore delle costruzioni che sviluppa ed eroga servizi a contenuto sempre pi\u00f9 innovativo, capaci di dare un vantaggio competitivo ai soci.\" \/>\n<meta property=\"og:url\" content=\"https:\/\/scegroup.eu\/sostenibilita\/\" \/>\n<meta property=\"og:site_name\" content=\"SCE Group\" \/>\n<meta property=\"article:modified_time\" content=\"2026-01-29T12:20:30+00:00\" \/>\n<meta name=\"twitter:card\" content=\"summary_large_image\" \/>\n<meta name=\"twitter:label1\" content=\"Tempo di lettura stimato\" \/>\n\t<meta name=\"twitter:data1\" content=\"1 minuto\" \/>\n<script type=\"application\/ld+json\" class=\"yoast-schema-graph\">{\"@context\":\"https:\/\/schema.org\",\"@graph\":[{\"@type\":\"WebPage\",\"@id\":\"https:\/\/scegroup.eu\/sostenibilita\/\",\"url\":\"https:\/\/scegroup.eu\/sostenibilita\/\",\"name\":\"Costruire un futuro sostenibile - Consorzio SCE\",\"isPartOf\":{\"@id\":\"https:\/\/scegroup.eu\/#website\"},\"datePublished\":\"2024-02-20T11:21:27+00:00\",\"dateModified\":\"2026-01-29T12:20:30+00:00\",\"description\":\"Consorzio SCE \u00e8 una realt\u00e0 unica nel panorama delle imprese che operano nel settore delle costruzioni che sviluppa ed eroga servizi a contenuto sempre pi\u00f9 innovativo, capaci di dare un vantaggio competitivo ai soci.\",\"breadcrumb\":{\"@id\":\"https:\/\/scegroup.eu\/sostenibilita\/#breadcrumb\"},\"inLanguage\":\"it-IT\",\"potentialAction\":[{\"@type\":\"ReadAction\",\"target\":[\"https:\/\/scegroup.eu\/sostenibilita\/\"]}]},{\"@type\":\"BreadcrumbList\",\"@id\":\"https:\/\/scegroup.eu\/sostenibilita\/#breadcrumb\",\"itemListElement\":[{\"@type\":\"ListItem\",\"position\":1,\"name\":\"Home\",\"item\":\"https:\/\/scegroup.eu\/it\/\"},{\"@type\":\"ListItem\",\"position\":2,\"name\":\"Sostenibilit\u00e0\"}]},{\"@type\":\"WebSite\",\"@id\":\"https:\/\/scegroup.eu\/#website\",\"url\":\"https:\/\/scegroup.eu\/\",\"name\":\"SCE GROUP\",\"description\":\"Engineering &amp; Construction\",\"publisher\":{\"@id\":\"https:\/\/scegroup.eu\/#organization\"},\"potentialAction\":[{\"@type\":\"SearchAction\",\"target\":{\"@type\":\"EntryPoint\",\"urlTemplate\":\"https:\/\/scegroup.eu\/?s={search_term_string}\"},\"query-input\":{\"@type\":\"PropertyValueSpecification\",\"valueRequired\":true,\"valueName\":\"search_term_string\"}}],\"inLanguage\":\"it-IT\"},{\"@type\":\"Organization\",\"@id\":\"https:\/\/scegroup.eu\/#organization\",\"name\":\"SCE GROUP\",\"url\":\"https:\/\/scegroup.eu\/\",\"logo\":{\"@type\":\"ImageObject\",\"inLanguage\":\"it-IT\",\"@id\":\"https:\/\/scegroup.eu\/#\/schema\/logo\/image\/\",\"url\":\"https:\/\/scegroup.eu\/wp-content\/uploads\/2025\/10\/mrc-scegroup.svg\",\"contentUrl\":\"https:\/\/scegroup.eu\/wp-content\/uploads\/2025\/10\/mrc-scegroup.svg\",\"width\":237,\"height\":172,\"caption\":\"SCE GROUP\"},\"image\":{\"@id\":\"https:\/\/scegroup.eu\/#\/schema\/logo\/image\/\"}}]}<\/script>\n<!-- \/ Yoast SEO plugin. -->","yoast_head_json":{"title":"Costruire un futuro sostenibile - Consorzio SCE","description":"Consorzio SCE \u00e8 una realt\u00e0 unica nel panorama delle imprese che operano nel settore delle costruzioni che sviluppa ed eroga servizi a contenuto sempre pi\u00f9 innovativo, capaci di dare un vantaggio competitivo ai soci.","robots":{"index":"index","follow":"follow","max-snippet":"max-snippet:-1","max-image-preview":"max-image-preview:large","max-video-preview":"max-video-preview:-1"},"canonical":"https:\/\/scegroup.eu\/sostenibilita\/","og_locale":"it_IT","og_type":"article","og_title":"Costruire un futuro sostenibile - Consorzio SCE","og_description":"Consorzio SCE \u00e8 una realt\u00e0 unica nel panorama delle imprese che operano nel settore delle costruzioni che sviluppa ed eroga servizi a contenuto sempre pi\u00f9 innovativo, capaci di dare un vantaggio competitivo ai soci.","og_url":"https:\/\/scegroup.eu\/sostenibilita\/","og_site_name":"SCE Group","article_modified_time":"2026-01-29T12:20:30+00:00","twitter_card":"summary_large_image","twitter_misc":{"Tempo di lettura stimato":"1 minuto"},"schema":{"@context":"https:\/\/schema.org","@graph":[{"@type":"WebPage","@id":"https:\/\/scegroup.eu\/sostenibilita\/","url":"https:\/\/scegroup.eu\/sostenibilita\/","name":"Costruire un futuro sostenibile - Consorzio SCE","isPartOf":{"@id":"https:\/\/scegroup.eu\/#website"},"datePublished":"2024-02-20T11:21:27+00:00","dateModified":"2026-01-29T12:20:30+00:00","description":"Consorzio SCE \u00e8 una realt\u00e0 unica nel panorama delle imprese che operano nel settore delle costruzioni che sviluppa ed eroga servizi a contenuto sempre pi\u00f9 innovativo, capaci di dare un vantaggio competitivo ai soci.","breadcrumb":{"@id":"https:\/\/scegroup.eu\/sostenibilita\/#breadcrumb"},"inLanguage":"it-IT","potentialAction":[{"@type":"ReadAction","target":["https:\/\/scegroup.eu\/sostenibilita\/"]}]},{"@type":"BreadcrumbList","@id":"https:\/\/scegroup.eu\/sostenibilita\/#breadcrumb","itemListElement":[{"@type":"ListItem","position":1,"name":"Home","item":"https:\/\/scegroup.eu\/it\/"},{"@type":"ListItem","position":2,"name":"Sostenibilit\u00e0"}]},{"@type":"WebSite","@id":"https:\/\/scegroup.eu\/#website","url":"https:\/\/scegroup.eu\/","name":"SCE GROUP","description":"Engineering &amp; Construction","publisher":{"@id":"https:\/\/scegroup.eu\/#organization"},"potentialAction":[{"@type":"SearchAction","target":{"@type":"EntryPoint","urlTemplate":"https:\/\/scegroup.eu\/?s={search_term_string}"},"query-input":{"@type":"PropertyValueSpecification","valueRequired":true,"valueName":"search_term_string"}}],"inLanguage":"it-IT"},{"@type":"Organization","@id":"https:\/\/scegroup.eu\/#organization","name":"SCE GROUP","url":"https:\/\/scegroup.eu\/","logo":{"@type":"ImageObject","inLanguage":"it-IT","@id":"https:\/\/scegroup.eu\/#\/schema\/logo\/image\/","url":"https:\/\/scegroup.eu\/wp-content\/uploads\/2025\/10\/mrc-scegroup.svg","contentUrl":"https:\/\/scegroup.eu\/wp-content\/uploads\/2025\/10\/mrc-scegroup.svg","width":237,"height":172,"caption":"SCE GROUP"},"image":{"@id":"https:\/\/scegroup.eu\/#\/schema\/logo\/image\/"}}]}},"_links":{"self":[{"href":"https:\/\/scegroup.eu\/it\/wp-json\/wp\/v2\/pages\/1074","targetHints":{"allow":["GET"]}}],"collection":[{"href":"https:\/\/scegroup.eu\/it\/wp-json\/wp\/v2\/pages"}],"about":[{"href":"https:\/\/scegroup.eu\/it\/wp-json\/wp\/v2\/types\/page"}],"author":[{"embeddable":true,"href":"https:\/\/scegroup.eu\/it\/wp-json\/wp\/v2\/users\/4"}],"replies":[{"embeddable":true,"href":"https:\/\/scegroup.eu\/it\/wp-json\/wp\/v2\/comments?post=1074"}],"version-history":[{"count":35,"href":"https:\/\/scegroup.eu\/it\/wp-json\/wp\/v2\/pages\/1074\/revisions"}],"predecessor-version":[{"id":1847,"href":"https:\/\/scegroup.eu\/it\/wp-json\/wp\/v2\/pages\/1074\/revisions\/1847"}],"wp:attachment":[{"href":"https:\/\/scegroup.eu\/it\/wp-json\/wp\/v2\/media?parent=1074"}],"curies":[{"name":"wp","href":"https:\/\/api.w.org\/{rel}","templated":true}]}}